{"id":67,"date":"2020-12-20T19:49:05","date_gmt":"2020-12-20T19:49:05","guid":{"rendered":"http:\/\/www.airpakservices.com\/?page_id=67"},"modified":"2020-12-20T19:49:05","modified_gmt":"2020-12-20T19:49:05","slug":"kariyer","status":"publish","type":"page","link":"https:\/\/www.airpakservices.com\/index.php\/kariyer\/","title":{"rendered":"KAR\u0130YER"},"content":{"rendered":"<p>[et_pb_section fb_built=&#8221;1&#8243; fullwidth=&#8221;on&#8221; disabled_on=&#8221;off|off|off&#8221; admin_label=&#8221;Hero&#8221; _builder_version=&#8221;3.22&#8243; background_color=&#8221;#1f1f1f&#8221; parallax=&#8221;on&#8221; custom_padding=&#8221;|||&#8221; transparent_background=&#8221;on&#8221;][et_pb_fullwidth_header title=&#8221;Kariyer&#8221; background_overlay_color=&#8221;rgba(31,31,31,0.85)&#8221; subhead_font_color=&#8221;#bebebe&#8221; _builder_version=&#8221;4.4.7&#8243; title_font=&#8221;Montserrat||||||||&#8221; title_text_color=&#8221;#ffffff&#8221; title_font_size=&#8221;57px&#8221; title_line_height=&#8221;1.3em&#8221; content_font=&#8221;Montserrat||||&#8221; content_text_color=&#8221;#bfbfbf&#8221; content_font_size=&#8221;19px&#8221; content_line_height=&#8221;1.8em&#8221; subhead_font=&#8221;Montserrat||||&#8221; subhead_text_color=&#8221;#bebebe&#8221; subhead_line_height=&#8221;1.8em&#8221; background_color=&#8221;rgba(255, 255, 255, 0)&#8221; background_image=&#8221;http:\/\/www.airpakservices.com\/wp-content\/uploads\/2020\/12\/1132-kopya-2-scaled.jpg&#8221; custom_padding=&#8221;5%||5%|&#8221; animation_style=&#8221;zoom&#8221; animation_duration=&#8221;1500ms&#8221; animation_intensity_zoom=&#8221;4%&#8221; title_line_height_last_edited=&#8221;off|desktop&#8221; button_one_text_size__hover_enabled=&#8221;off&#8221; button_two_text_size__hover_enabled=&#8221;off&#8221; button_one_text_color__hover_enabled=&#8221;off&#8221; button_two_text_color__hover_enabled=&#8221;off&#8221; button_one_border_width__hover_enabled=&#8221;off&#8221; button_two_border_width__hover_enabled=&#8221;off&#8221; button_one_border_color__hover_enabled=&#8221;off&#8221; button_two_border_color__hover_enabled=&#8221;off&#8221; button_one_border_radius__hover_enabled=&#8221;off&#8221; button_two_border_radius__hover_enabled=&#8221;off&#8221; button_one_letter_spacing__hover_enabled=&#8221;off&#8221; button_two_letter_spacing__hover_enabled=&#8221;off&#8221; button_one_bg_color__hover_enabled=&#8221;off&#8221; button_two_bg_color__hover_enabled=&#8221;off&#8221;][\/et_pb_fullwidth_header][\/et_pb_section][et_pb_section fb_built=&#8221;1&#8243; admin_label=&#8221;Contact&#8221; _builder_version=&#8221;3.22&#8243; background_color=&#8221;rgba(0,0,0,0.03)&#8221; background_size=&#8221;initial&#8221; background_position=&#8221;top_left&#8221; custom_padding=&#8221;15px|0px|100px|0px||&#8221; collapsed=&#8221;off&#8221;][et_pb_row column_structure=&#8221;2_3,1_3&#8243; _builder_version=&#8221;4.4.7&#8243; custom_padding=&#8221;0px|||||&#8221;][et_pb_column type=&#8221;2_3&#8243; _builder_version=&#8221;4.4.7&#8243;][et_pb_text _builder_version=&#8221;4.4.7&#8243; text_font=&#8221;Montserrat||||||||&#8221; text_font_size=&#8221;17px&#8221;]<\/p>\n<h4><span><\/span><\/h4>\n<h4><span><\/span><\/h4>\n<p>&nbsp;<\/p>\n<h4><span><\/span><\/h4>\n<p>&nbsp;<\/p>\n<h4><\/h4>\n<p><span style=\"font-size: 17px;\">Se\u00e7kin projelerimizde ekibimizin bir par\u00e7as\u0131 olmak ve kariyer olanaklar\u0131ndan faydalanmak i\u00e7in \u00f6zge\u00e7mi\u015finizi\u00a0<\/span><a href=\"mailto:ik@airpakservices.com\" dir=\"ltr\" target=\"_blank\" rel=\"noopener noreferrer\" style=\"font-size: 17px;\">ik@<wbr \/>airpakservices.com<\/a><span style=\"font-size: 17px;\">\u00a0adresine g\u00f6nderebilirsiniz.\u00a0<\/span><\/p>\n<p><span style=\"font-size: 18px;\"><\/span><\/p>\n<p><span style=\"font-size: 18px;\"><\/span><\/p>\n<p><span style=\"font-size: 18px;\"><\/span><\/p>\n<p>&nbsp;<\/p>\n<p><span style=\"font-size: 18px;\"><\/span><\/p>\n<p>&nbsp;<\/p>\n<p><span style=\"font-size: 18px;\"><\/span><\/p>\n<p>&nbsp;<\/p>\n<p>[\/et_pb_text][\/et_pb_column][et_pb_column type=&#8221;1_3&#8243; _builder_version=&#8221;4.4.7&#8243;][et_pb_gallery gallery_ids=&#8221;71&#8243; fullwidth=&#8221;on&#8221; _builder_version=&#8221;4.0.9&#8243; hover_enabled=&#8221;0&#8243;][\/et_pb_gallery][\/et_pb_column][\/et_pb_row][\/et_pb_section]<\/p>\n","protected":false},"excerpt":{"rendered":"<p>&nbsp; &nbsp; Se\u00e7kin projelerimizde ekibimizin bir par\u00e7as\u0131 olmak ve kariyer olanaklar\u0131ndan faydalanmak i\u00e7in \u00f6zge\u00e7mi\u015finizi\u00a0ik@airpakservices.com\u00a0adresine g\u00f6nderebilirsiniz.\u00a0 &nbsp; &nbsp; &nbsp;<\/p>\n","protected":false},"author":1,"featured_media":0,"parent":0,"menu_order":0,"comment_status":"closed","ping_status":"closed","template":"","meta":{"_et_pb_use_builder":"on","_et_pb_old_content":"","_et_gb_content_width":"","footnotes":""},"class_list":["post-67","page","type-page","status-publish","hentry"],"_links":{"self":[{"href":"https:\/\/www.airpakservices.com\/index.php\/wp-json\/wp\/v2\/pages\/67","targetHints":{"allow":["GET"]}}],"collection":[{"href":"https:\/\/www.airpakservices.com\/index.php\/wp-json\/wp\/v2\/pages"}],"about":[{"href":"https:\/\/www.airpakservices.com\/index.php\/wp-json\/wp\/v2\/types\/page"}],"author":[{"embeddable":true,"href":"https:\/\/www.airpakservices.com\/index.php\/wp-json\/wp\/v2\/users\/1"}],"replies":[{"embeddable":true,"href":"https:\/\/www.airpakservices.com\/index.php\/wp-json\/wp\/v2\/comments?post=67"}],"version-history":[{"count":2,"href":"https:\/\/www.airpakservices.com\/index.php\/wp-json\/wp\/v2\/pages\/67\/revisions"}],"predecessor-version":[{"id":72,"href":"https:\/\/www.airpakservices.com\/index.php\/wp-json\/wp\/v2\/pages\/67\/revisions\/72"}],"wp:attachment":[{"href":"https:\/\/www.airpakservices.com\/index.php\/wp-json\/wp\/v2\/media?parent=67"}],"curies":[{"name":"wp","href":"https:\/\/api.w.org\/{rel}","templated":true}]}}