{"id":28,"date":"2020-12-16T23:19:57","date_gmt":"2020-12-16T23:19:57","guid":{"rendered":"http:\/\/www.airpakservices.com\/?page_id=28"},"modified":"2020-12-16T23:20:34","modified_gmt":"2020-12-16T23:20:34","slug":"hizmetlerimiz","status":"publish","type":"page","link":"https:\/\/www.airpakservices.com\/index.php\/hizmetlerimiz\/","title":{"rendered":"H\u0130ZMETLER\u0130M\u0130Z"},"content":{"rendered":"<p>[et_pb_section fb_built=&#8221;1&#8243; fullwidth=&#8221;on&#8221; disabled_on=&#8221;off|off|off&#8221; admin_label=&#8221;Hero&#8221; _builder_version=&#8221;3.22&#8243; background_color=&#8221;#1f1f1f&#8221; parallax=&#8221;on&#8221; custom_padding=&#8221;|||&#8221; transparent_background=&#8221;on&#8221;][et_pb_fullwidth_header title=&#8221;Hizmetlerimiz&#8221; background_overlay_color=&#8221;rgba(31,31,31,0.85)&#8221; subhead_font_color=&#8221;#bebebe&#8221; title_tablet=&#8221;&#8221; title_phone=&#8221;&#8221; title_last_edited=&#8221;on|desktop&#8221; _builder_version=&#8221;4.4.7&#8243; title_font=&#8221;Montserrat||||||||&#8221; title_text_align=&#8221;left&#8221; title_text_color=&#8221;#ffffff&#8221; title_font_size=&#8221;53px&#8221; title_line_height=&#8221;1.3em&#8221; content_font=&#8221;Montserrat||||&#8221; content_text_color=&#8221;#bfbfbf&#8221; content_font_size=&#8221;19px&#8221; content_line_height=&#8221;1.8em&#8221; subhead_font=&#8221;Montserrat||||&#8221; subhead_text_color=&#8221;#bebebe&#8221; subhead_line_height=&#8221;1.8em&#8221; background_color=&#8221;rgba(255, 255, 255, 0)&#8221; background_image=&#8221;http:\/\/www.airpakservices.com\/wp-content\/uploads\/2020\/12\/34460sdasda10-scaled.jpg&#8221; parallax=&#8221;on&#8221; parallax_method=&#8221;on&#8221; custom_padding=&#8221;5%||5%|&#8221; animation_style=&#8221;zoom&#8221; animation_duration=&#8221;1500ms&#8221; animation_intensity_zoom=&#8221;4%&#8221; title_font_size_tablet=&#8221;&#8221; title_font_size_phone=&#8221;42px&#8221; title_font_size_last_edited=&#8221;on|phone&#8221; title_line_height_last_edited=&#8221;off|desktop&#8221; button_one_text_size__hover_enabled=&#8221;off&#8221; button_two_text_size__hover_enabled=&#8221;off&#8221; button_one_text_color__hover_enabled=&#8221;off&#8221; button_two_text_color__hover_enabled=&#8221;off&#8221; button_one_border_width__hover_enabled=&#8221;off&#8221; button_two_border_width__hover_enabled=&#8221;off&#8221; button_one_border_color__hover_enabled=&#8221;off&#8221; button_two_border_color__hover_enabled=&#8221;off&#8221; button_one_border_radius__hover_enabled=&#8221;off&#8221; button_two_border_radius__hover_enabled=&#8221;off&#8221; button_one_letter_spacing__hover_enabled=&#8221;off&#8221; button_two_letter_spacing__hover_enabled=&#8221;off&#8221; button_one_bg_color__hover_enabled=&#8221;off&#8221; button_two_bg_color__hover_enabled=&#8221;off&#8221;][\/et_pb_fullwidth_header][\/et_pb_section][et_pb_section fb_built=&#8221;1&#8243; admin_label=&#8221;Our Story&#8221; _builder_version=&#8221;3.22&#8243; background_color=&#8221;#ffffff&#8221; background_position=&#8221;top_left&#8221; custom_padding=&#8221;100px|0px|100px|0px&#8221; collapsed=&#8221;off&#8221;][et_pb_row column_structure=&#8221;1_2,1_2&#8243; _builder_version=&#8221;3.25&#8243; background_size=&#8221;initial&#8221; background_position=&#8221;top_left&#8221; background_repeat=&#8221;repeat&#8221; custom_margin=&#8221;|||&#8221; custom_padding=&#8221;|||&#8221;][et_pb_column type=&#8221;1_2&#8243; _builder_version=&#8221;3.25&#8243; background_position=&#8221;top_left&#8221; custom_padding=&#8221;|||&#8221; custom_padding__hover=&#8221;|||&#8221;][et_pb_image src=&#8221;http:\/\/www.airpakservices.com\/wp-content\/uploads\/2020\/12\/18026s-scaled.jpg&#8221; title_text=&#8221;window of airplane&#8221; _builder_version=&#8221;4.4.7&#8243; animation_style=&#8221;slide&#8221; animation_direction=&#8221;right&#8221; animation_intensity_slide=&#8221;10%&#8221; always_center_on_mobile=&#8221;off&#8221;][\/et_pb_image][\/et_pb_column][et_pb_column type=&#8221;1_2&#8243; _builder_version=&#8221;3.25&#8243; background_position=&#8221;top_left&#8221; custom_padding=&#8221;60px|||&#8221; custom_padding__hover=&#8221;|||&#8221;][et_pb_divider show_divider=&#8221;off&#8221; _builder_version=&#8221;3.2&#8243; max_width=&#8221;60px&#8221; module_alignment=&#8221;left&#8221; custom_margin=&#8221;||10px|&#8221; saved_tabs=&#8221;all&#8221; locked=&#8221;off&#8221;][\/et_pb_divider][et_pb_text _builder_version=&#8221;3.27.4&#8243; text_font=&#8221;Montserrat||||&#8221; text_text_color=&#8221;#939393&#8243; text_font_size=&#8221;17px&#8221; text_line_height=&#8221;1.8em&#8221; header_font=&#8221;||||&#8221; background_size=&#8221;initial&#8221; background_position=&#8221;top_left&#8221; background_repeat=&#8221;repeat&#8221; max_width=&#8221;700px&#8221; custom_padding=&#8221;||0px|||&#8221; animation_style=&#8221;slide&#8221; animation_direction=&#8221;top&#8221; animation_intensity_slide=&#8221;4%&#8221;]<\/p>\n<p><strong>U\u00e7ak Temizli\u011fi<\/strong><\/p>\n<p>Avrupa ve T\u00fcrkiye standartlar\u0131ndaki \u00fcr\u00fcn, ara\u00e7 ve ekipmanlar\u0131m\u0131z ve uzman personelimiz ile her t\u00fcrl\u00fc u\u00e7a\u011f\u0131n i\u00e7 ve d\u0131\u015f temizlik uygulamalar\u0131n\u0131 ger\u00e7ekle\u015ftirmekteyiz.<\/p>\n<p><strong>Metro, Tren ve \u015eehiri\u00e7i Otob\u00fcs Temizli\u011fi<\/strong><\/p>\n<p>Kalabal\u0131kla\u015fan \u015fehir ortam\u0131nda ula\u015f\u0131mda en \u00f6nemli unsurlardan biri olan metro, tramvay ve tren gibi rayl\u0131 sistem toplu ta\u015f\u0131ma ara\u00e7lar\u0131 ile \u015fehir i\u00e7i otob\u00fcsleri ve metrob\u00fcs gibi toplu ta\u015f\u0131ma ara\u00e7lar\u0131 i\u00e7in temizlik ve hijyen son derece \u00f6nemlidir. Firmam\u0131z uzman kadrosu ile bu ara\u00e7lar\u0131n i\u00e7 ve d\u0131\u015f temizli\u011fini son teknoloji \u00fcr\u00fcn\u00fc malzemeler ile ger\u00e7ekle\u015ftirmektedir.<\/p>\n<p><strong>Hizmet verdi\u011fimiz di\u011fer alanlar ise;<\/strong><\/p>\n<p>AVM, \u00d6zel jet, Otob\u00fcs Filo, Gemi, Vapur, Tesis, Plaza, Tren, Tramvay, Okul, Hastane, Rayl\u0131 sistemler, Metrob\u00fcs, Yat Temizli\u011fi.<\/p>\n<p>[\/et_pb_text][\/et_pb_column][\/et_pb_row][\/et_pb_section]<\/p>\n","protected":false},"excerpt":{"rendered":"<p>U\u00e7ak Temizli\u011fi Avrupa ve T\u00fcrkiye standartlar\u0131ndaki \u00fcr\u00fcn, ara\u00e7 ve ekipmanlar\u0131m\u0131z ve uzman personelimiz ile her t\u00fcrl\u00fc u\u00e7a\u011f\u0131n i\u00e7 ve d\u0131\u015f temizlik uygulamalar\u0131n\u0131 ger\u00e7ekle\u015ftirmekteyiz. Metro, Tren ve \u015eehiri\u00e7i Otob\u00fcs Temizli\u011fi Kalabal\u0131kla\u015fan \u015fehir ortam\u0131nda ula\u015f\u0131mda en \u00f6nemli unsurlardan biri olan metro, tramvay ve tren gibi rayl\u0131 sistem toplu ta\u015f\u0131ma ara\u00e7lar\u0131 ile \u015fehir i\u00e7i otob\u00fcsleri ve metrob\u00fcs gibi [&hellip;]<\/p>\n","protected":false},"author":1,"featured_media":0,"parent":0,"menu_order":0,"comment_status":"closed","ping_status":"closed","template":"","meta":{"_et_pb_use_builder":"on","_et_pb_old_content":"","_et_gb_content_width":"","footnotes":""},"class_list":["post-28","page","type-page","status-publish","hentry"],"_links":{"self":[{"href":"https:\/\/www.airpakservices.com\/index.php\/wp-json\/wp\/v2\/pages\/28","targetHints":{"allow":["GET"]}}],"collection":[{"href":"https:\/\/www.airpakservices.com\/index.php\/wp-json\/wp\/v2\/pages"}],"about":[{"href":"https:\/\/www.airpakservices.com\/index.php\/wp-json\/wp\/v2\/types\/page"}],"author":[{"embeddable":true,"href":"https:\/\/www.airpakservices.com\/index.php\/wp-json\/wp\/v2\/users\/1"}],"replies":[{"embeddable":true,"href":"https:\/\/www.airpakservices.com\/index.php\/wp-json\/wp\/v2\/comments?post=28"}],"version-history":[{"count":2,"href":"https:\/\/www.airpakservices.com\/index.php\/wp-json\/wp\/v2\/pages\/28\/revisions"}],"predecessor-version":[{"id":32,"href":"https:\/\/www.airpakservices.com\/index.php\/wp-json\/wp\/v2\/pages\/28\/revisions\/32"}],"wp:attachment":[{"href":"https:\/\/www.airpakservices.com\/index.php\/wp-json\/wp\/v2\/media?parent=28"}],"curies":[{"name":"wp","href":"https:\/\/api.w.org\/{rel}","templated":true}]}}