{"id":21,"date":"2020-12-16T23:18:09","date_gmt":"2020-12-16T23:18:09","guid":{"rendered":"http:\/\/www.airpakservices.com\/?page_id=21"},"modified":"2026-02-16T09:19:46","modified_gmt":"2026-02-16T09:19:46","slug":"kurumsal","status":"publish","type":"page","link":"https:\/\/www.airpakservices.com\/index.php\/kurumsal\/","title":{"rendered":"KURUMSAL"},"content":{"rendered":"<p>[et_pb_section fb_built=&#8221;1&#8243; fullwidth=&#8221;on&#8221; disabled_on=&#8221;off|off|off&#8221; admin_label=&#8221;Hero&#8221; _builder_version=&#8221;3.22&#8243; background_color=&#8221;#1f1f1f&#8221; parallax=&#8221;on&#8221; custom_padding=&#8221;|||&#8221; transparent_background=&#8221;on&#8221;][et_pb_fullwidth_header title=&#8221;Kurumsal&#8221; background_overlay_color=&#8221;rgba(31,31,31,0.85)&#8221; subhead_font_color=&#8221;#bebebe&#8221; title_tablet=&#8221;&#8221; title_phone=&#8221;Kurumsal&#8221; title_last_edited=&#8221;on|phone&#8221; _builder_version=&#8221;4.4.7&#8243; title_font=&#8221;Montserrat||||||||&#8221; title_text_align=&#8221;left&#8221; title_text_color=&#8221;#ffffff&#8221; title_font_size=&#8221;59px&#8221; title_line_height=&#8221;1.3em&#8221; content_font=&#8221;Montserrat||||&#8221; content_text_color=&#8221;#bfbfbf&#8221; content_font_size=&#8221;19px&#8221; content_line_height=&#8221;1.8em&#8221; subhead_font=&#8221;Montserrat||||&#8221; subhead_text_color=&#8221;#bebebe&#8221; subhead_line_height=&#8221;1.8em&#8221; background_color=&#8221;rgba(255, 255, 255, 0)&#8221; background_image=&#8221;https:\/\/www.airpakservices.com\/wp-content\/uploads\/2020\/12\/3446010-kopya-1-scaled.jpg&#8221; parallax=&#8221;on&#8221; parallax_method=&#8221;on&#8221; custom_button_one=&#8221;on&#8221; button_one_text_size=&#8221;15px&#8221; button_one_text_color=&#8221;#ffffff&#8221; button_one_border_width=&#8221;2px&#8221; button_one_border_color=&#8221;#ffffff&#8221; button_one_border_radius=&#8221;0px&#8221; button_one_letter_spacing=&#8221;1px&#8221; button_one_font=&#8221;Montserrat|||on|&#8221; button_one_use_icon=&#8221;off&#8221; custom_button_two=&#8221;on&#8221; button_two_text_size=&#8221;15px&#8221; button_two_text_color=&#8221;#ffffff&#8221; button_two_bg_color=&#8221;#c39d63&#8243; button_two_border_width=&#8221;2px&#8221; button_two_border_color=&#8221;#c39d63&#8243; button_two_border_radius=&#8221;0px&#8221; button_two_letter_spacing=&#8221;1px&#8221; button_two_font=&#8221;Montserrat|||on|&#8221; button_two_use_icon=&#8221;off&#8221; max_width_tablet=&#8221;50px&#8221; custom_margin=&#8221;|||&#8221; custom_padding=&#8221;5%||5%|&#8221; animation_style=&#8221;zoom&#8221; animation_duration=&#8221;1500ms&#8221; animation_intensity_zoom=&#8221;4%&#8221; title_font_size_tablet=&#8221;&#8221; title_font_size_phone=&#8221;51px&#8221; title_font_size_last_edited=&#8221;on|phone&#8221; title_line_height_last_edited=&#8221;off|desktop&#8221; button_one_border_radius_hover=&#8221;0px&#8221; button_one_letter_spacing_hover=&#8221;1px&#8221; button_two_letter_spacing_hover=&#8221;1px&#8221; button_one_text_size__hover_enabled=&#8221;off&#8221; button_two_text_size__hover_enabled=&#8221;off&#8221; button_one_text_color__hover_enabled=&#8221;off&#8221; button_two_text_color__hover_enabled=&#8221;off&#8221; button_one_border_width__hover_enabled=&#8221;off&#8221; button_two_border_width__hover_enabled=&#8221;off&#8221; button_one_border_color__hover_enabled=&#8221;off&#8221; button_two_border_color__hover_enabled=&#8221;off&#8221; button_one_border_radius__hover_enabled=&#8221;on&#8221; button_one_border_radius__hover=&#8221;0px&#8221; button_two_border_radius__hover_enabled=&#8221;off&#8221; button_one_letter_spacing__hover_enabled=&#8221;on&#8221; button_one_letter_spacing__hover=&#8221;1px&#8221; button_two_letter_spacing__hover_enabled=&#8221;on&#8221; button_two_letter_spacing__hover=&#8221;1px&#8221; button_one_bg_color__hover_enabled=&#8221;off&#8221; button_two_bg_color__hover_enabled=&#8221;off&#8221; title__hover_enabled=&#8221;on|desktop&#8221;][\/et_pb_fullwidth_header][\/et_pb_section][et_pb_section fb_built=&#8221;1&#8243; admin_label=&#8221;Our Story&#8221; _builder_version=&#8221;3.22&#8243; background_color=&#8221;#ffffff&#8221; background_position=&#8221;top_left&#8221; custom_padding=&#8221;100px|0px|84px|0px||&#8221; collapsed=&#8221;off&#8221;][et_pb_row column_structure=&#8221;1_2,1_2&#8243; _builder_version=&#8221;3.25&#8243; background_size=&#8221;initial&#8221; background_position=&#8221;top_left&#8221; background_repeat=&#8221;repeat&#8221; custom_margin=&#8221;|||&#8221; custom_padding=&#8221;|||&#8221;][et_pb_column type=&#8221;1_2&#8243; _builder_version=&#8221;3.25&#8243; background_position=&#8221;top_left&#8221; custom_padding=&#8221;|||&#8221; custom_padding__hover=&#8221;|||&#8221;][et_pb_divider show_divider=&#8221;off&#8221; _builder_version=&#8221;3.2&#8243; max_width=&#8221;60px&#8221; module_alignment=&#8221;left&#8221; custom_margin=&#8221;||10px|&#8221; saved_tabs=&#8221;all&#8221; locked=&#8221;off&#8221;][\/et_pb_divider][et_pb_text _builder_version=&#8221;3.27.4&#8243; text_font=&#8221;Montserrat||||&#8221; text_text_color=&#8221;#939393&#8243; text_font_size=&#8221;17px&#8221; text_line_height=&#8221;1.8em&#8221; header_font=&#8221;||||&#8221; background_size=&#8221;initial&#8221; background_position=&#8221;top_left&#8221; background_repeat=&#8221;repeat&#8221; max_width=&#8221;700px&#8221; animation_style=&#8221;slide&#8221; animation_direction=&#8221;top&#8221; animation_intensity_slide=&#8221;4%&#8221;]<\/p>\n<h2><strong>Kurumsal<\/strong><\/h2>\n<p><span><\/span><\/p>\n<p><span>2013 y\u0131l\u0131nda kurumsal bir d\u00fc\u015f\u00fcnce yap\u0131s\u0131yla m\u00fc\u015fterilerine kaliteli ve se\u00e7kin bir hizmet sa\u011flamak ad\u0131na yola \u00e7\u0131kan <strong>A\u0130RPAK<\/strong>, son teknoloji hizmet altyap\u0131s\u0131 ve havac\u0131l\u0131k sekt\u00f6r\u00fcndeki ihtiya\u00e7lara cevap verebilmek ad\u0131na<strong> Sivil Havac\u0131l\u0131k Genel M\u00fcd\u00fcrl\u00fc\u011f\u00fc\u2019<\/strong>nden ald\u0131\u011f\u0131 \u00e7al\u0131\u015fma lisans\u0131 ile m\u00fc\u015fteri memnuniyeti odakl\u0131 hizmet vermektedir.<\/span><\/p>\n<p><span>Gelecekte ise \u00f6zellikle u\u00e7ak temizli\u011fi konusunda gerek T\u00fcrkiye\u2019de gerekse Avrupa\u2019da standartlar\u0131 belirleyen bir kurum halini almay\u0131 hedeflemektedir.<\/span><\/p>\n<p style=\"text-align: justify;\"><span style=\"font-size: 17px;\"><b>KAL\u0130TE POL\u0130T\u0130KAMIZ<\/b><\/span><\/p>\n<ul>\n<li style=\"text-align: justify;\"><span style=\"font-size: 17px; font-family: Symbol;\"><span style=\"font-variant-numeric: normal; font-variant-east-asian: normal; font-stretch: normal; font-size: 7pt; line-height: normal; font-family: 'Times New Roman';\">\u00a0<\/span><\/span><span style=\"font-size: 17px;\">Kalitede s\u00fcreklilik sa\u011flayarak m\u00fc\u015fterilerimize g\u00fcven tesis etmeyi,<\/span><\/li>\n<li style=\"text-align: justify;\"><span style=\"font-size: 17px; font-family: Symbol;\"><span style=\"font-variant-numeric: normal; font-variant-east-asian: normal; font-stretch: normal; font-size: 7pt; line-height: normal; font-family: 'Times New Roman';\">\u00a0<\/span><\/span><span style=\"font-size: 17px;\">M\u00fc\u015fterilerimizin ihtiya\u00e7lar\u0131n\u0131 daha h\u0131zl\u0131 ve daha kaliteli sa\u011flayabilmek ad\u0131na s\u00fcrekli yeni teknoloji sistemler ve ekipmanlar kullanmay\u0131,<\/span><\/li>\n<li style=\"text-align: justify;\"><span style=\"font-size: 17px;\">\u0130\u00e7inde Bulundu\u011fumuz havac\u0131l\u0131k sekt\u00f6r\u00fcne s\u00fcrekli yeni de\u011ferler ve fikirler kat\u0131p sekt\u00f6r\u00fcn \u00f6nc\u00fclerinden olmay\u0131,<\/span><\/li>\n<li style=\"text-align: justify;\"><span style=\"font-size: 17px;\">Personelimizin s\u00fcrekli e\u011fitimini sa\u011flayarak, verimi ve y\u00fcksek i\u015fg\u00fcc\u00fc kalitesinin devaml\u0131l\u0131\u011f\u0131 korumay\u0131,<\/span><\/li>\n<li style=\"text-align: justify;\"><span style=\"font-size: 17px; font-family: Symbol;\"><span style=\"font-variant-numeric: normal; font-variant-east-asian: normal; font-stretch: normal; font-size: 7pt; line-height: normal; font-family: 'Times New Roman';\">\u00a0<\/span><\/span><span style=\"font-size: 17px;\">M\u00fc\u015fterilerimizin de\u011fi\u015fen ve geli\u015fen ihtiya\u00e7lar\u0131 do\u011frultusunda yenilik\u00e7i \u00e7\u00f6z\u00fcm ve fikirler \u00fcretmeyi,<\/span><\/li>\n<li style=\"text-align: justify;\"><span style=\"font-size: 17px; font-family: Symbol;\"><span style=\"font-variant-numeric: normal; font-variant-east-asian: normal; font-stretch: normal; font-size: 7pt; line-height: normal; font-family: 'Times New Roman';\">\u00a0<\/span><\/span><span style=\"font-size: 17px;\">Herkesin kullanabilece\u011fi t\u00fcrden basit ve kullan\u0131c\u0131 dostu ekipmanlar ile personelimize daha h\u0131zl\u0131, daha g\u00fcvenli ve daha konforlu \u00e7al\u0131\u015fma imkan\u0131 sa\u011flamay\u0131,<\/span><\/li>\n<li style=\"text-align: justify;\"><span style=\"font-size: 17px; font-family: Symbol;\"><span style=\"font-variant-numeric: normal; font-variant-east-asian: normal; font-stretch: normal; font-size: 7pt; line-height: normal; font-family: 'Times New Roman';\">\u00a0\u00a0<\/span><\/span><span style=\"font-size: 17px;\">\u0130\u015f Sa\u011fl\u0131\u011f\u0131 ve G\u00fcvenli\u011fi ve \u00c7evre konular\u0131 ile kalitemizi ve faaliyetlerimizi etkileyen ve d\u00fczenleyen t\u00fcm uluslararas\u0131, ulusal, b\u00f6lgesel ve ilgili taraflar\u0131n y\u00f6netmelik ve talimatlar\u0131na uymay\u0131,<\/span><\/li>\n<li style=\"text-align: justify;\"><span style=\"font-size: 17px;\">Kalitemizi s\u00fcrekli artt\u0131rarak m\u00fc\u015fteri memnuniyetini s\u00fcrekli artt\u0131rmay\u0131,<\/span><\/li>\n<li style=\"text-align: justify;\"><span style=\"font-size: 17px;\">Kalite konular\u0131nda e\u011fitimden asla taviz vermeden \u00e7al\u0131\u015fanlar\u0131m\u0131z\u0131n, tedarik\u00e7ilerimizin kat\u0131l\u0131m\u0131 ile s\u00fcrekli iyile\u015ftirmeyi sa\u011flamay\u0131,<\/span><\/li>\n<li style=\"text-align: justify;\"><span style=\"font-size: 17px; text-align: justify;\">Tedarik\u00e7ilerimizin, i\u015fverenlerimizin, ge\u00e7ici veya kal\u0131c\u0131 olarak \u00e7al\u0131\u015fan t\u00fcm personelimizin \u00e7evreye kar\u015f\u0131 sorumlu olmalar\u0131n\u0131 te\u015fvik etmeyi,<\/span><\/li>\n<\/ul>\n<p><span style=\"font-size: 17px; text-align: justify;\">Taahh\u00fct ederiz.<\/span><\/p>\n<div dir=\"ltr\">\n<p class=\"MsoNormal\" style=\"margin-right: 0cm; margin-bottom: 10pt; margin-left: 64.35pt; line-height: 14.95px;\"><u><\/u><\/p>\n<p class=\"MsoNormal\" style=\"margin-right: 0cm; margin-bottom: 10pt; margin-left: 70.9pt; line-height: 14.95px;\"><u><\/u><\/p>\n<p class=\"MsoNormal\" style=\"margin-right: 0cm; margin-bottom: 10pt; margin-left: 70.9pt; line-height: 14.95px;\"><u><\/u><\/p>\n<p class=\"MsoNormal\" style=\"margin-right: 0cm; margin-bottom: 10pt; margin-left: 70.9pt; line-height: 14.95px;\"><u><\/u><\/p>\n<p class=\"MsoNormal\" style=\"margin-right: 0cm; margin-bottom: 10pt; margin-left: 70.9pt; line-height: 14.95px;\"><u><\/u><\/p>\n<p class=\"MsoNormal\" style=\"margin-right: 0cm; margin-bottom: 10pt; margin-left: 70.9pt; line-height: 14.95px;\"><u><\/u><\/p>\n<p class=\"MsoNormal\" style=\"margin-right: 0cm; margin-bottom: 10pt; margin-left: 70.9pt; line-height: 14.95px;\"><u><\/u><\/p>\n<p class=\"MsoNormal\" style=\"margin-right: 0cm; margin-bottom: 10pt; margin-left: 70.9pt; line-height: 14.95px;\"><u><\/u><\/p>\n<p class=\"MsoNormal\" style=\"margin-right: 0cm; margin-bottom: 10pt; margin-left: 70.9pt; line-height: 14.95px;\"><u><\/u><\/p>\n<p class=\"MsoNormal\" style=\"margin-left: 70.9pt; text-align: justify;\"><u><\/u><\/p>\n<\/div>\n<p>[\/et_pb_text][\/et_pb_column][et_pb_column type=&#8221;1_2&#8243; _builder_version=&#8221;3.25&#8243; background_position=&#8221;top_left&#8221; custom_padding=&#8221;|||&#8221; custom_padding__hover=&#8221;|||&#8221;][et_pb_image src=&#8221;https:\/\/www.airpakservices.com\/wp-content\/uploads\/2020\/12\/18026-1-scaled.jpg&#8221; title_text=&#8221;window of airplane&#8221; _builder_version=&#8221;4.4.7&#8243; animation_style=&#8221;slide&#8221; animation_direction=&#8221;left&#8221; animation_intensity_slide=&#8221;10%&#8221; always_center_on_mobile=&#8221;off&#8221;][\/et_pb_image][\/et_pb_column][\/et_pb_row][et_pb_row _builder_version=&#8221;4.0.9&#8243;][et_pb_column type=&#8221;4_4&#8243; _builder_version=&#8221;4.0.9&#8243;][et_pb_video src=&#8221;https:\/\/www.youtube.com\/watch?v=iFd0_lvXDR0&#8243; _builder_version=&#8221;4.0.9&#8243;][\/et_pb_video][\/et_pb_column][\/et_pb_row][\/et_pb_section]<\/p>\n","protected":false},"excerpt":{"rendered":"<p>Kurumsal 2013 y\u0131l\u0131nda kurumsal bir d\u00fc\u015f\u00fcnce yap\u0131s\u0131yla m\u00fc\u015fterilerine kaliteli ve se\u00e7kin bir hizmet sa\u011flamak ad\u0131na yola \u00e7\u0131kan A\u0130RPAK, son teknoloji hizmet altyap\u0131s\u0131 ve havac\u0131l\u0131k sekt\u00f6r\u00fcndeki ihtiya\u00e7lara cevap verebilmek ad\u0131na Sivil Havac\u0131l\u0131k Genel M\u00fcd\u00fcrl\u00fc\u011f\u00fc\u2019nden ald\u0131\u011f\u0131 \u00e7al\u0131\u015fma lisans\u0131 ile m\u00fc\u015fteri memnuniyeti odakl\u0131 hizmet vermektedir. Gelecekte ise \u00f6zellikle u\u00e7ak temizli\u011fi konusunda gerek T\u00fcrkiye\u2019de gerekse Avrupa\u2019da standartlar\u0131 belirleyen bir [&hellip;]<\/p>\n","protected":false},"author":1,"featured_media":0,"parent":0,"menu_order":0,"comment_status":"closed","ping_status":"closed","template":"","meta":{"_et_pb_use_builder":"on","_et_pb_old_content":"","_et_gb_content_width":"","footnotes":""},"class_list":["post-21","page","type-page","status-publish","hentry"],"_links":{"self":[{"href":"https:\/\/www.airpakservices.com\/index.php\/wp-json\/wp\/v2\/pages\/21","targetHints":{"allow":["GET"]}}],"collection":[{"href":"https:\/\/www.airpakservices.com\/index.php\/wp-json\/wp\/v2\/pages"}],"about":[{"href":"https:\/\/www.airpakservices.com\/index.php\/wp-json\/wp\/v2\/types\/page"}],"author":[{"embeddable":true,"href":"https:\/\/www.airpakservices.com\/index.php\/wp-json\/wp\/v2\/users\/1"}],"replies":[{"embeddable":true,"href":"https:\/\/www.airpakservices.com\/index.php\/wp-json\/wp\/v2\/comments?post=21"}],"version-history":[{"count":6,"href":"https:\/\/www.airpakservices.com\/index.php\/wp-json\/wp\/v2\/pages\/21\/revisions"}],"predecessor-version":[{"id":139,"href":"https:\/\/www.airpakservices.com\/index.php\/wp-json\/wp\/v2\/pages\/21\/revisions\/139"}],"wp:attachment":[{"href":"https:\/\/www.airpakservices.com\/index.php\/wp-json\/wp\/v2\/media?parent=21"}],"curies":[{"name":"wp","href":"https:\/\/api.w.org\/{rel}","templated":true}]}}